{"id":8,"date":"2018-06-16T14:39:14","date_gmt":"2018-06-16T14:39:14","guid":{"rendered":"http:\/\/ecofarmpolska.pl\/?page_id=8"},"modified":"2022-11-15T20:00:52","modified_gmt":"2022-11-15T20:00:52","slug":"o-nas","status":"publish","type":"page","link":"https:\/\/www.ecofarmpolska.pl\/index.php\/o-nas\/","title":{"rendered":"O nas"},"content":{"rendered":"<p>Jeste\u015bmy generalnym dystrybutorem na Polsk\u0119<strong> EKOLOGICZNYCH<\/strong>&nbsp;produkt\u00f3w.<\/p>\n<p>Reprezentujemy tylko sprawdzonych producent\u00f3w z wieloletni\u0105 tradycj\u0105.&nbsp;W swoim asortymencie posiadamy <strong>BIO<\/strong> produkty dla <strong>wegan<\/strong> i <strong>wegetarian<\/strong>.<span class=\"Apple-converted-space\">&nbsp;<\/span>Produkty, kt\u00f3re oferujemy sprowadzamy bezpo\u015brednio od producent\u00f3w.<\/p>\n<p style=\"text-align: left;\">Dzia\u0142amy na rynku od 2012 roku.<\/p>\n\n\n<p><\/p>\n","protected":false},"excerpt":{"rendered":"<p>Jeste\u015bmy generalnym dystrybutorem na Polsk\u0119 EKOLOGICZNYCH&nbsp;produkt\u00f3w. Reprezentujemy tylko sprawdzonych producent\u00f3w z wieloletni\u0105 tradycj\u0105.&nbsp;W swoim asortymencie posiadamy BIO produkty dla wegan i wegetarian.&nbsp;Produkty, kt\u00f3re oferujemy sprowadzamy bezpo\u015brednio od producent\u00f3w. Dzia\u0142amy na rynku od 2012 roku.<\/p>\n","protected":false},"author":1,"featured_media":173,"parent":0,"menu_order":0,"comment_status":"closed","ping_status":"closed","template":"","meta":{"footnotes":""},"yoast_head":"<!-- This site is optimized with the Yoast SEO plugin v23.5 - https:\/\/yoast.com\/wordpress\/plugins\/seo\/ -->\n<title>O nas - EcoFarm Polska<\/title>\n<meta name=\"robots\" content=\"index, follow, max-snippet:-1, max-image-preview:large, max-video-preview:-1\" \/>\n<link rel=\"canonical\" href=\"https:\/\/www.ecofarmpolska.pl\/index.php\/o-nas\/\" \/>\n<meta property=\"og:locale\" content=\"pl_PL\" \/>\n<meta property=\"og:type\" content=\"article\" \/>\n<meta property=\"og:title\" content=\"O nas - EcoFarm Polska\" \/>\n<meta property=\"og:description\" content=\"Jeste\u015bmy generalnym dystrybutorem na Polsk\u0119 EKOLOGICZNYCH&nbsp;produkt\u00f3w. Reprezentujemy tylko sprawdzonych producent\u00f3w z wieloletni\u0105 tradycj\u0105.&nbsp;W swoim asortymencie posiadamy BIO produkty dla wegan i wegetarian.&nbsp;Produkty, kt\u00f3re oferujemy sprowadzamy bezpo\u015brednio od producent\u00f3w. Dzia\u0142amy na rynku od 2012 roku.\" \/>\n<meta property=\"og:url\" content=\"https:\/\/www.ecofarmpolska.pl\/index.php\/o-nas\/\" \/>\n<meta property=\"og:site_name\" content=\"EcoFarm Polska\" \/>\n<meta property=\"article:modified_time\" content=\"2022-11-15T20:00:52+00:00\" \/>\n<meta property=\"og:image\" content=\"https:\/\/www.ecofarmpolska.pl\/wp-content\/uploads\/2022\/11\/lawenda.jpg\" \/>\n\t<meta property=\"og:image:width\" content=\"2400\" \/>\n\t<meta property=\"og:image:height\" content=\"1600\" \/>\n\t<meta property=\"og:image:type\" content=\"image\/jpeg\" \/>\n<meta name=\"twitter:card\" content=\"summary_large_image\" \/>\n<meta name=\"twitter:label1\" content=\"Szacowany czas czytania\" \/>\n\t<meta name=\"twitter:data1\" content=\"1 minuta\" \/>\n<script type=\"application\/ld+json\" class=\"yoast-schema-graph\">{\"@context\":\"https:\/\/schema.org\",\"@graph\":[{\"@type\":\"WebPage\",\"@id\":\"https:\/\/www.ecofarmpolska.pl\/index.php\/o-nas\/\",\"url\":\"https:\/\/www.ecofarmpolska.pl\/index.php\/o-nas\/\",\"name\":\"O nas - EcoFarm Polska\",\"isPartOf\":{\"@id\":\"https:\/\/www.ecofarmpolska.pl\/#website\"},\"primaryImageOfPage\":{\"@id\":\"https:\/\/www.ecofarmpolska.pl\/index.php\/o-nas\/#primaryimage\"},\"image\":{\"@id\":\"https:\/\/www.ecofarmpolska.pl\/index.php\/o-nas\/#primaryimage\"},\"thumbnailUrl\":\"https:\/\/www.ecofarmpolska.pl\/wp-content\/uploads\/2022\/11\/lawenda.jpg\",\"datePublished\":\"2018-06-16T14:39:14+00:00\",\"dateModified\":\"2022-11-15T20:00:52+00:00\",\"breadcrumb\":{\"@id\":\"https:\/\/www.ecofarmpolska.pl\/index.php\/o-nas\/#breadcrumb\"},\"inLanguage\":\"pl-PL\",\"potentialAction\":[{\"@type\":\"ReadAction\",\"target\":[\"https:\/\/www.ecofarmpolska.pl\/index.php\/o-nas\/\"]}]},{\"@type\":\"ImageObject\",\"inLanguage\":\"pl-PL\",\"@id\":\"https:\/\/www.ecofarmpolska.pl\/index.php\/o-nas\/#primaryimage\",\"url\":\"https:\/\/www.ecofarmpolska.pl\/wp-content\/uploads\/2022\/11\/lawenda.jpg\",\"contentUrl\":\"https:\/\/www.ecofarmpolska.pl\/wp-content\/uploads\/2022\/11\/lawenda.jpg\",\"width\":2400,\"height\":1600},{\"@type\":\"BreadcrumbList\",\"@id\":\"https:\/\/www.ecofarmpolska.pl\/index.php\/o-nas\/#breadcrumb\",\"itemListElement\":[{\"@type\":\"ListItem\",\"position\":1,\"name\":\"Strona g\u0142\u00f3wna\",\"item\":\"https:\/\/www.ecofarmpolska.pl\/\"},{\"@type\":\"ListItem\",\"position\":2,\"name\":\"O nas\"}]},{\"@type\":\"WebSite\",\"@id\":\"https:\/\/www.ecofarmpolska.pl\/#website\",\"url\":\"https:\/\/www.ecofarmpolska.pl\/\",\"name\":\"EcoFarm Polska\",\"description\":\"BIO-produkty najwy\u017cszej jako\u015bci\",\"potentialAction\":[{\"@type\":\"SearchAction\",\"target\":{\"@type\":\"EntryPoint\",\"urlTemplate\":\"https:\/\/www.ecofarmpolska.pl\/?s={search_term_string}\"},\"query-input\":{\"@type\":\"PropertyValueSpecification\",\"valueRequired\":true,\"valueName\":\"search_term_string\"}}],\"inLanguage\":\"pl-PL\"}]}<\/script>\n<!-- \/ Yoast SEO plugin. -->","yoast_head_json":{"title":"O nas - EcoFarm Polska","robots":{"index":"index","follow":"follow","max-snippet":"max-snippet:-1","max-image-preview":"max-image-preview:large","max-video-preview":"max-video-preview:-1"},"canonical":"https:\/\/www.ecofarmpolska.pl\/index.php\/o-nas\/","og_locale":"pl_PL","og_type":"article","og_title":"O nas - EcoFarm Polska","og_description":"Jeste\u015bmy generalnym dystrybutorem na Polsk\u0119 EKOLOGICZNYCH&nbsp;produkt\u00f3w. Reprezentujemy tylko sprawdzonych producent\u00f3w z wieloletni\u0105 tradycj\u0105.&nbsp;W swoim asortymencie posiadamy BIO produkty dla wegan i wegetarian.&nbsp;Produkty, kt\u00f3re oferujemy sprowadzamy bezpo\u015brednio od producent\u00f3w. Dzia\u0142amy na rynku od 2012 roku.","og_url":"https:\/\/www.ecofarmpolska.pl\/index.php\/o-nas\/","og_site_name":"EcoFarm Polska","article_modified_time":"2022-11-15T20:00:52+00:00","og_image":[{"width":2400,"height":1600,"url":"https:\/\/www.ecofarmpolska.pl\/wp-content\/uploads\/2022\/11\/lawenda.jpg","type":"image\/jpeg"}],"twitter_card":"summary_large_image","twitter_misc":{"Szacowany czas czytania":"1 minuta"},"schema":{"@context":"https:\/\/schema.org","@graph":[{"@type":"WebPage","@id":"https:\/\/www.ecofarmpolska.pl\/index.php\/o-nas\/","url":"https:\/\/www.ecofarmpolska.pl\/index.php\/o-nas\/","name":"O nas - EcoFarm Polska","isPartOf":{"@id":"https:\/\/www.ecofarmpolska.pl\/#website"},"primaryImageOfPage":{"@id":"https:\/\/www.ecofarmpolska.pl\/index.php\/o-nas\/#primaryimage"},"image":{"@id":"https:\/\/www.ecofarmpolska.pl\/index.php\/o-nas\/#primaryimage"},"thumbnailUrl":"https:\/\/www.ecofarmpolska.pl\/wp-content\/uploads\/2022\/11\/lawenda.jpg","datePublished":"2018-06-16T14:39:14+00:00","dateModified":"2022-11-15T20:00:52+00:00","breadcrumb":{"@id":"https:\/\/www.ecofarmpolska.pl\/index.php\/o-nas\/#breadcrumb"},"inLanguage":"pl-PL","potentialAction":[{"@type":"ReadAction","target":["https:\/\/www.ecofarmpolska.pl\/index.php\/o-nas\/"]}]},{"@type":"ImageObject","inLanguage":"pl-PL","@id":"https:\/\/www.ecofarmpolska.pl\/index.php\/o-nas\/#primaryimage","url":"https:\/\/www.ecofarmpolska.pl\/wp-content\/uploads\/2022\/11\/lawenda.jpg","contentUrl":"https:\/\/www.ecofarmpolska.pl\/wp-content\/uploads\/2022\/11\/lawenda.jpg","width":2400,"height":1600},{"@type":"BreadcrumbList","@id":"https:\/\/www.ecofarmpolska.pl\/index.php\/o-nas\/#breadcrumb","itemListElement":[{"@type":"ListItem","position":1,"name":"Strona g\u0142\u00f3wna","item":"https:\/\/www.ecofarmpolska.pl\/"},{"@type":"ListItem","position":2,"name":"O nas"}]},{"@type":"WebSite","@id":"https:\/\/www.ecofarmpolska.pl\/#website","url":"https:\/\/www.ecofarmpolska.pl\/","name":"EcoFarm Polska","description":"BIO-produkty najwy\u017cszej jako\u015bci","potentialAction":[{"@type":"SearchAction","target":{"@type":"EntryPoint","urlTemplate":"https:\/\/www.ecofarmpolska.pl\/?s={search_term_string}"},"query-input":{"@type":"PropertyValueSpecification","valueRequired":true,"valueName":"search_term_string"}}],"inLanguage":"pl-PL"}]}},"_links":{"self":[{"href":"https:\/\/www.ecofarmpolska.pl\/index.php\/wp-json\/wp\/v2\/pages\/8"}],"collection":[{"href":"https:\/\/www.ecofarmpolska.pl\/index.php\/wp-json\/wp\/v2\/pages"}],"about":[{"href":"https:\/\/www.ecofarmpolska.pl\/index.php\/wp-json\/wp\/v2\/types\/page"}],"author":[{"embeddable":true,"href":"https:\/\/www.ecofarmpolska.pl\/index.php\/wp-json\/wp\/v2\/users\/1"}],"replies":[{"embeddable":true,"href":"https:\/\/www.ecofarmpolska.pl\/index.php\/wp-json\/wp\/v2\/comments?post=8"}],"version-history":[{"count":13,"href":"https:\/\/www.ecofarmpolska.pl\/index.php\/wp-json\/wp\/v2\/pages\/8\/revisions"}],"predecessor-version":[{"id":175,"href":"https:\/\/www.ecofarmpolska.pl\/index.php\/wp-json\/wp\/v2\/pages\/8\/revisions\/175"}],"wp:featuredmedia":[{"embeddable":true,"href":"https:\/\/www.ecofarmpolska.pl\/index.php\/wp-json\/wp\/v2\/media\/173"}],"wp:attachment":[{"href":"https:\/\/www.ecofarmpolska.pl\/index.php\/wp-json\/wp\/v2\/media?parent=8"}],"curies":[{"name":"wp","href":"https:\/\/api.w.org\/{rel}","templated":true}]}}