{"id":45,"date":"2018-06-17T05:59:32","date_gmt":"2018-06-17T05:59:32","guid":{"rendered":"http:\/\/ecofarmpolska.pl\/?page_id=45"},"modified":"2022-11-16T08:33:18","modified_gmt":"2022-11-16T08:33:18","slug":"marki","status":"publish","type":"page","link":"https:\/\/www.ecofarmpolska.pl\/index.php\/marki\/","title":{"rendered":"Marki"},"content":{"rendered":"\n<h1 class=\"wp-block-heading\"><strong>Kogo reprezentujemy<\/strong><\/h1>\n\n\n\n<ul>\n<li>producent\u00f3w czystych organicznych kosmetyk\u00f3w,<\/li>\n\n\n\n<li>producent\u00f3w &nbsp;ekologicznych od\u015bwie\u017caczy do pomieszcze\u0144,<\/li>\n\n\n\n<li>producent\u00f3w sprawdzonych produkt\u00f3w dla ekologicznej uprawy ro\u015blin i ochrony przed szkodnikami,<\/li>\n<\/ul>\n\n\n\n<p><\/p>\n","protected":false},"excerpt":{"rendered":"<p>Kogo reprezentujemy<\/p>\n","protected":false},"author":1,"featured_media":0,"parent":0,"menu_order":0,"comment_status":"closed","ping_status":"closed","template":"","meta":{"footnotes":""},"yoast_head":"<!-- This site is optimized with the Yoast SEO plugin v23.5 - https:\/\/yoast.com\/wordpress\/plugins\/seo\/ -->\n<title>Marki - EcoFarm Polska<\/title>\n<meta name=\"robots\" content=\"index, follow, max-snippet:-1, max-image-preview:large, max-video-preview:-1\" \/>\n<link rel=\"canonical\" href=\"https:\/\/www.ecofarmpolska.pl\/index.php\/marki\/\" \/>\n<meta property=\"og:locale\" content=\"pl_PL\" \/>\n<meta property=\"og:type\" content=\"article\" \/>\n<meta property=\"og:title\" content=\"Marki - EcoFarm Polska\" \/>\n<meta property=\"og:description\" content=\"Kogo reprezentujemy\" \/>\n<meta property=\"og:url\" content=\"https:\/\/www.ecofarmpolska.pl\/index.php\/marki\/\" \/>\n<meta property=\"og:site_name\" content=\"EcoFarm Polska\" \/>\n<meta property=\"article:modified_time\" content=\"2022-11-16T08:33:18+00:00\" \/>\n<meta name=\"twitter:card\" content=\"summary_large_image\" \/>\n<meta name=\"twitter:label1\" content=\"Szacowany czas czytania\" \/>\n\t<meta name=\"twitter:data1\" content=\"1 minuta\" \/>\n<script type=\"application\/ld+json\" class=\"yoast-schema-graph\">{\"@context\":\"https:\/\/schema.org\",\"@graph\":[{\"@type\":\"WebPage\",\"@id\":\"https:\/\/www.ecofarmpolska.pl\/index.php\/marki\/\",\"url\":\"https:\/\/www.ecofarmpolska.pl\/index.php\/marki\/\",\"name\":\"Marki - EcoFarm Polska\",\"isPartOf\":{\"@id\":\"https:\/\/www.ecofarmpolska.pl\/#website\"},\"datePublished\":\"2018-06-17T05:59:32+00:00\",\"dateModified\":\"2022-11-16T08:33:18+00:00\",\"breadcrumb\":{\"@id\":\"https:\/\/www.ecofarmpolska.pl\/index.php\/marki\/#breadcrumb\"},\"inLanguage\":\"pl-PL\",\"potentialAction\":[{\"@type\":\"ReadAction\",\"target\":[\"https:\/\/www.ecofarmpolska.pl\/index.php\/marki\/\"]}]},{\"@type\":\"BreadcrumbList\",\"@id\":\"https:\/\/www.ecofarmpolska.pl\/index.php\/marki\/#breadcrumb\",\"itemListElement\":[{\"@type\":\"ListItem\",\"position\":1,\"name\":\"Strona g\u0142\u00f3wna\",\"item\":\"https:\/\/www.ecofarmpolska.pl\/\"},{\"@type\":\"ListItem\",\"position\":2,\"name\":\"Marki\"}]},{\"@type\":\"WebSite\",\"@id\":\"https:\/\/www.ecofarmpolska.pl\/#website\",\"url\":\"https:\/\/www.ecofarmpolska.pl\/\",\"name\":\"EcoFarm Polska\",\"description\":\"BIO-produkty najwy\u017cszej jako\u015bci\",\"potentialAction\":[{\"@type\":\"SearchAction\",\"target\":{\"@type\":\"EntryPoint\",\"urlTemplate\":\"https:\/\/www.ecofarmpolska.pl\/?s={search_term_string}\"},\"query-input\":{\"@type\":\"PropertyValueSpecification\",\"valueRequired\":true,\"valueName\":\"search_term_string\"}}],\"inLanguage\":\"pl-PL\"}]}<\/script>\n<!-- \/ Yoast SEO plugin. -->","yoast_head_json":{"title":"Marki - EcoFarm Polska","robots":{"index":"index","follow":"follow","max-snippet":"max-snippet:-1","max-image-preview":"max-image-preview:large","max-video-preview":"max-video-preview:-1"},"canonical":"https:\/\/www.ecofarmpolska.pl\/index.php\/marki\/","og_locale":"pl_PL","og_type":"article","og_title":"Marki - EcoFarm Polska","og_description":"Kogo reprezentujemy","og_url":"https:\/\/www.ecofarmpolska.pl\/index.php\/marki\/","og_site_name":"EcoFarm Polska","article_modified_time":"2022-11-16T08:33:18+00:00","twitter_card":"summary_large_image","twitter_misc":{"Szacowany czas czytania":"1 minuta"},"schema":{"@context":"https:\/\/schema.org","@graph":[{"@type":"WebPage","@id":"https:\/\/www.ecofarmpolska.pl\/index.php\/marki\/","url":"https:\/\/www.ecofarmpolska.pl\/index.php\/marki\/","name":"Marki - EcoFarm Polska","isPartOf":{"@id":"https:\/\/www.ecofarmpolska.pl\/#website"},"datePublished":"2018-06-17T05:59:32+00:00","dateModified":"2022-11-16T08:33:18+00:00","breadcrumb":{"@id":"https:\/\/www.ecofarmpolska.pl\/index.php\/marki\/#breadcrumb"},"inLanguage":"pl-PL","potentialAction":[{"@type":"ReadAction","target":["https:\/\/www.ecofarmpolska.pl\/index.php\/marki\/"]}]},{"@type":"BreadcrumbList","@id":"https:\/\/www.ecofarmpolska.pl\/index.php\/marki\/#breadcrumb","itemListElement":[{"@type":"ListItem","position":1,"name":"Strona g\u0142\u00f3wna","item":"https:\/\/www.ecofarmpolska.pl\/"},{"@type":"ListItem","position":2,"name":"Marki"}]},{"@type":"WebSite","@id":"https:\/\/www.ecofarmpolska.pl\/#website","url":"https:\/\/www.ecofarmpolska.pl\/","name":"EcoFarm Polska","description":"BIO-produkty najwy\u017cszej jako\u015bci","potentialAction":[{"@type":"SearchAction","target":{"@type":"EntryPoint","urlTemplate":"https:\/\/www.ecofarmpolska.pl\/?s={search_term_string}"},"query-input":{"@type":"PropertyValueSpecification","valueRequired":true,"valueName":"search_term_string"}}],"inLanguage":"pl-PL"}]}},"_links":{"self":[{"href":"https:\/\/www.ecofarmpolska.pl\/index.php\/wp-json\/wp\/v2\/pages\/45"}],"collection":[{"href":"https:\/\/www.ecofarmpolska.pl\/index.php\/wp-json\/wp\/v2\/pages"}],"about":[{"href":"https:\/\/www.ecofarmpolska.pl\/index.php\/wp-json\/wp\/v2\/types\/page"}],"author":[{"embeddable":true,"href":"https:\/\/www.ecofarmpolska.pl\/index.php\/wp-json\/wp\/v2\/users\/1"}],"replies":[{"embeddable":true,"href":"https:\/\/www.ecofarmpolska.pl\/index.php\/wp-json\/wp\/v2\/comments?post=45"}],"version-history":[{"count":12,"href":"https:\/\/www.ecofarmpolska.pl\/index.php\/wp-json\/wp\/v2\/pages\/45\/revisions"}],"predecessor-version":[{"id":183,"href":"https:\/\/www.ecofarmpolska.pl\/index.php\/wp-json\/wp\/v2\/pages\/45\/revisions\/183"}],"wp:attachment":[{"href":"https:\/\/www.ecofarmpolska.pl\/index.php\/wp-json\/wp\/v2\/media?parent=45"}],"curies":[{"name":"wp","href":"https:\/\/api.w.org\/{rel}","templated":true}]}}